{"id":3954,"date":"2022-08-13T16:12:17","date_gmt":"2022-08-13T16:12:17","guid":{"rendered":"https:\/\/bensassiridha.com\/services-copy\/"},"modified":"2022-08-13T19:01:47","modified_gmt":"2022-08-13T19:01:47","slug":"services-light","status":"publish","type":"page","link":"https:\/\/bensassiridha.com\/fr\/services-light\/","title":{"rendered":"Services Light"},"content":{"rendered":"<div data-elementor-type=\"wp-page\" data-elementor-id=\"3954\" class=\"elementor elementor-3954\" data-elementor-post-type=\"page\">\n\t\t\t\t\t\t<section class=\"elementor-section elementor-top-section elementor-element elementor-element-ccd4e0d elementor-section-boxed elementor-section-height-default elementor-section-height-default\" data-id=\"ccd4e0d\" data-element_type=\"section\">\n\t\t\t\t\t\t<div class=\"elementor-container elementor-column-gap-default\">\n\t\t\t\t\t<div class=\"elementor-column elementor-col-100 elementor-top-column elementor-element elementor-element-4b0248a\" data-id=\"4b0248a\" data-element_type=\"column\">\n\t\t\t<div class=\"elementor-widget-wrap elementor-element-populated\">\n\t\t\t\t\t\t<div class=\"elementor-element elementor-element-48a0264 elementor-widget elementor-widget-rainbow-services-repeater\" data-id=\"48a0264\" data-element_type=\"widget\" data-widget_type=\"rainbow-services-repeater.default\">\n\t\t\t\t<div class=\"elementor-widget-container\">\n\t\t\t        <div class=\"row row--25 mt_md--10 mt_sm--10\">\n                            <div data-aos=\"fade-up\" data-aos-duration=\"500\" data-aos-delay=\"100\" data-aos-once=\"true\"\n                     class=\"mt--50 mt_md--30 mt_sm--30 col-lg-4 col-md-6 col-sm-6 col-12\">\n                    <div class=\"rn-service  elementor-repeater-item-f0d8163\">\n                        <div class=\"inner\">\n                            <div class=\"icon icon-box\">\n                                                                    <svg xmlns=\"http:\/\/www.w3.org\/2000\/svg\" width=\"24\" height=\"24\" viewbox=\"0 0 24 24\" fill=\"none\" stroke=\"currentColor\" stroke-width=\"1\" stroke-linecap=\"round\" stroke-linejoin=\"round\" class=\"feather feather-align-justify\"><line x1=\"21\" y1=\"10\" x2=\"3\" y2=\"10\"><\/line><line x1=\"21\" y1=\"6\" x2=\"3\" y2=\"6\"><\/line><line x1=\"21\" y1=\"14\" x2=\"3\" y2=\"14\"><\/line><line x1=\"21\" y1=\"18\" x2=\"3\" y2=\"18\"><\/line><\/svg>                                                            <\/div>\n                            <div class=\"content\">\n                                <h4 class=\"title\"> <a href=\"#\">Business Strategy <\/a><\/h4>\n                                <p class=\"description\"> I throw myself down among the tall grass by the stream as Ilie close to the earth.<\/p>\n                                <a class=\"read-more-button\" href=\"#\"><i class=\"feather-arrow-right\"><\/i><\/a>                            <\/div>\n                        <\/div>\n                    <\/div>\n                <\/div>\n                            <div data-aos=\"fade-up\" data-aos-duration=\"500\" data-aos-delay=\"100\" data-aos-once=\"true\"\n                     class=\"mt--50 mt_md--30 mt_sm--30 col-lg-4 col-md-6 col-sm-6 col-12\">\n                    <div class=\"rn-service  elementor-repeater-item-edf2f94\">\n                        <div class=\"inner\">\n                            <div class=\"icon icon-box\">\n                                                                    <svg xmlns=\"http:\/\/www.w3.org\/2000\/svg\" width=\"24\" height=\"24\" viewbox=\"0 0 24 24\" fill=\"none\" stroke=\"currentColor\" stroke-width=\"1\" stroke-linecap=\"round\" stroke-linejoin=\"round\" class=\"feather feather-book-open\"><path d=\"M2 3h6a4 4 0 0 1 4 4v14a3 3 0 0 0-3-3H2z\"><\/path><path d=\"M22 3h-6a4 4 0 0 0-4 4v14a3 3 0 0 1 3-3h7z\"><\/path><\/svg>                                                            <\/div>\n                            <div class=\"content\">\n                                <h4 class=\"title\"> <a href=\"#\">App Development<\/a><\/h4>\n                                <p class=\"description\"> We\u2019ll handle everything from to app development process until it is time to make your project live. <\/p>\n                                <a class=\"read-more-button\" href=\"#\"><i class=\"feather-arrow-right\"><\/i><\/a>                            <\/div>\n                        <\/div>\n                    <\/div>\n                <\/div>\n                            <div data-aos=\"fade-up\" data-aos-duration=\"500\" data-aos-delay=\"100\" data-aos-once=\"true\"\n                     class=\"mt--50 mt_md--30 mt_sm--30 col-lg-4 col-md-6 col-sm-6 col-12\">\n                    <div class=\"rn-service  elementor-repeater-item-06e011a\">\n                        <div class=\"inner\">\n                            <div class=\"icon icon-box\">\n                                                                    <svg xmlns=\"http:\/\/www.w3.org\/2000\/svg\" width=\"24\" height=\"24\" viewbox=\"0 0 24 24\" fill=\"none\" stroke=\"currentColor\" stroke-width=\"1\" stroke-linecap=\"round\" stroke-linejoin=\"round\" class=\"feather feather-tv\"><rect x=\"2\" y=\"7\" width=\"20\" height=\"15\" rx=\"2\" ry=\"2\"><\/rect><polyline points=\"17 2 12 7 7 2\"><\/polyline><\/svg>                                                            <\/div>\n                            <div class=\"content\">\n                                <h4 class=\"title\"> <a href=\"#\">Entreprise Stratagy<\/a><\/h4>\n                                <p class=\"description\"> Nous allons vous aider \u00e0 optimiser vos processus d'affaires pour maximiser la rentabilit\u00e9 et \u00e0 \u00e9liminer les co\u00fbts inutiles.<\/p>\n                                <a class=\"read-more-button\" href=\"#\"><i class=\"feather-arrow-right\"><\/i><\/a>                            <\/div>\n                        <\/div>\n                    <\/div>\n                <\/div>\n                            <div data-aos=\"fade-up\" data-aos-duration=\"500\" data-aos-delay=\"100\" data-aos-once=\"true\"\n                     class=\"mt--50 mt_md--30 mt_sm--30 col-lg-4 col-md-6 col-sm-6 col-12\">\n                    <div class=\"rn-service  elementor-repeater-item-7e7065b\">\n                        <div class=\"inner\">\n                            <div class=\"icon icon-box\">\n                                                                    <svg xmlns=\"http:\/\/www.w3.org\/2000\/svg\" width=\"24\" height=\"24\" viewbox=\"0 0 24 24\" fill=\"none\" stroke=\"currentColor\" stroke-width=\"1\" stroke-linecap=\"round\" stroke-linejoin=\"round\" class=\"feather feather-smartphone\"><rect x=\"5\" y=\"2\" width=\"14\" height=\"20\" rx=\"2\" ry=\"2\"><\/rect><line x1=\"12\" y1=\"18\" x2=\"12.01\" y2=\"18\"><\/line><\/svg>                                                            <\/div>\n                            <div class=\"content\">\n                                <h4 class=\"title\"> <a href=\"#\">Mobile App<\/a><\/h4>\n                                <p class=\"description\"> Using our expertise in mobile application development to create beautiful pixel-perfect designs.<\/p>\n                                <a class=\"read-more-button\" href=\"#\"><i class=\"feather-arrow-right\"><\/i><\/a>                            <\/div>\n                        <\/div>\n                    <\/div>\n                <\/div>\n                            <div data-aos=\"fade-up\" data-aos-duration=\"500\" data-aos-delay=\"100\" data-aos-once=\"true\"\n                     class=\"mt--50 mt_md--30 mt_sm--30 col-lg-4 col-md-6 col-sm-6 col-12\">\n                    <div class=\"rn-service  elementor-repeater-item-a21d37f\">\n                        <div class=\"inner\">\n                            <div class=\"icon icon-box\">\n                                                                    <svg xmlns=\"http:\/\/www.w3.org\/2000\/svg\" width=\"24\" height=\"24\" viewbox=\"0 0 24 24\" fill=\"none\" stroke=\"currentColor\" stroke-width=\"1\" stroke-linecap=\"round\" stroke-linejoin=\"round\"><ellipse cx=\"12\" cy=\"5\" rx=\"9\" ry=\"3\"><\/ellipse><path d=\"M21 12c0 1.66-4 3-9 3s-9-1.34-9-3\"><\/path><path d=\"M3 5v14c0 1.66 4 3 9 3s9-1.34 9-3V5\"><\/path><\/svg>                                                            <\/div>\n                            <div class=\"content\">\n                                <h4 class=\"title\"> <a href=\"#\">SEO Optimisation<\/a><\/h4>\n                                <p class=\"description\"> Votre rang de site web questions. Nos services de R\u00c9F\u00c9RENCEMENT va vous aider \u00e0 atteindre le sommet de la les rangs et d'y rester!<\/p>\n                                <a class=\"read-more-button\" href=\"#\"><i class=\"feather-arrow-right\"><\/i><\/a>                            <\/div>\n                        <\/div>\n                    <\/div>\n                <\/div>\n                            <div data-aos=\"fade-up\" data-aos-duration=\"500\" data-aos-delay=\"100\" data-aos-once=\"true\"\n                     class=\"mt--50 mt_md--30 mt_sm--30 col-lg-4 col-md-6 col-sm-6 col-12\">\n                    <div class=\"rn-service  elementor-repeater-item-0b5ca39\">\n                        <div class=\"inner\">\n                            <div class=\"icon icon-box\">\n                                                                    <svg xmlns=\"http:\/\/www.w3.org\/2000\/svg\" width=\"24\" height=\"24\" viewbox=\"0 0 24 24\" fill=\"none\" stroke=\"currentColor\" stroke-width=\"1\" stroke-linecap=\"round\" stroke-linejoin=\"round\" class=\"feather feather-codepen\"><polygon points=\"12 2 22 8.5 22 15.5 12 22 2 15.5 2 8.5 12 2\"><\/polygon><line x1=\"12\" y1=\"22\" x2=\"12\" y2=\"15.5\"><\/line><polyline points=\"22 8.5 12 15.5 2 8.5\"><\/polyline><polyline points=\"2 15.5 12 8.5 22 15.5\"><\/polyline><line x1=\"12\" y1=\"2\" x2=\"12\" y2=\"8.5\"><\/line><\/svg>                                                            <\/div>\n                            <div class=\"content\">\n                                <h4 class=\"title\"> <a href=\"#\">UX Consulting<\/a><\/h4>\n                                <p class=\"description\"> Un UX consultant est responsable de la plupart des t\u00e2ches en tant que UX designer, mais ils sont g\u00e9n\u00e9ralement.<\/p>\n                                <a class=\"read-more-button\" href=\"#\"><i class=\"feather-arrow-right\"><\/i><\/a>                            <\/div>\n                        <\/div>\n                    <\/div>\n                <\/div>\n                    <\/div>\n        \t\t<\/div>\n\t\t\t\t<\/div>\n\t\t\t\t\t<\/div>\n\t\t<\/div>\n\t\t\t\t\t<\/div>\n\t\t<\/section>\n\t\t\t\t<\/div>","protected":false},"excerpt":{"rendered":"<p>Business Strategy I throw myself down among the tall grass by the stream as Ilie close to the earth. App Development We\u2019ll handle everything from to app development process until it is time to make your project live. Business Stratagy We\u2019ll help you optimize your business processes to maximize profitability and eliminate unnecessary costs. Mobile [&hellip;]<\/p>","protected":false},"author":1,"featured_media":0,"parent":0,"menu_order":0,"comment_status":"closed","ping_status":"closed","template":"elementor_header_footer","meta":{"footnotes":""},"acf":[],"_links":{"self":[{"href":"https:\/\/bensassiridha.com\/fr\/wp-json\/wp\/v2\/pages\/3954"}],"collection":[{"href":"https:\/\/bensassiridha.com\/fr\/wp-json\/wp\/v2\/pages"}],"about":[{"href":"https:\/\/bensassiridha.com\/fr\/wp-json\/wp\/v2\/types\/page"}],"author":[{"embeddable":true,"href":"https:\/\/bensassiridha.com\/fr\/wp-json\/wp\/v2\/users\/1"}],"replies":[{"embeddable":true,"href":"https:\/\/bensassiridha.com\/fr\/wp-json\/wp\/v2\/comments?post=3954"}],"version-history":[{"count":0,"href":"https:\/\/bensassiridha.com\/fr\/wp-json\/wp\/v2\/pages\/3954\/revisions"}],"wp:attachment":[{"href":"https:\/\/bensassiridha.com\/fr\/wp-json\/wp\/v2\/media?parent=3954"}],"curies":[{"name":"wp","href":"https:\/\/api.w.org\/{rel}","templated":true}]}}