{"id":3720,"date":"2022-08-12T04:44:50","date_gmt":"2022-08-12T04:44:50","guid":{"rendered":"https:\/\/bensassiridha.com\/?page_id=3720"},"modified":"2022-08-12T06:25:40","modified_gmt":"2022-08-12T06:25:40","slug":"contact","status":"publish","type":"page","link":"https:\/\/bensassiridha.com\/fr\/contact\/","title":{"rendered":"Contact"},"content":{"rendered":"<div data-elementor-type=\"wp-page\" data-elementor-id=\"3720\" class=\"elementor elementor-3720\" data-elementor-post-type=\"page\">\n\t\t\t\t\t\t<section class=\"elementor-section elementor-top-section elementor-element elementor-element-573925c elementor-section-full_width elementor-section-height-default elementor-section-height-default\" data-id=\"573925c\" data-element_type=\"section\">\n\t\t\t\t\t\t<div class=\"elementor-container elementor-column-gap-no\">\n\t\t\t\t\t<div class=\"elementor-column elementor-col-100 elementor-top-column elementor-element elementor-element-f56dc5b\" data-id=\"f56dc5b\" data-element_type=\"column\">\n\t\t\t<div class=\"elementor-widget-wrap elementor-element-populated\">\n\t\t\t\t\t\t<section class=\"elementor-section elementor-inner-section elementor-element elementor-element-4efcf6a elementor-section-boxed elementor-section-height-default elementor-section-height-default\" data-id=\"4efcf6a\" data-element_type=\"section\">\n\t\t\t\t\t\t<div class=\"elementor-container elementor-column-gap-default\">\n\t\t\t\t\t<div class=\"elementor-column elementor-col-33 elementor-inner-column elementor-element elementor-element-aeb95a1\" data-id=\"aeb95a1\" data-element_type=\"column\">\n\t\t\t<div class=\"elementor-widget-wrap elementor-element-populated\">\n\t\t\t\t\t\t<div class=\"elementor-element elementor-element-e0d4da0 elementor-widget elementor-widget-rainbow-contact-info\" data-id=\"e0d4da0\" data-element_type=\"widget\" data-widget_type=\"rainbow-contact-info.default\">\n\t\t\t\t<div class=\"elementor-widget-container\">\n\t\t\t        <div class=\"contact-about-area\">\n            <div class=\"thumbnail\">\n                <img fetchpriority=\"high\" decoding=\"async\" width=\"460\" height=\"288\" src=\"https:\/\/bensassiridha.com\/wp-content\/uploads\/2021\/08\/contact1.png\" class=\"attachment-large size-large wp-image-145\" alt=\"Inbio Contact\" srcset=\"https:\/\/bensassiridha.com\/wp-content\/uploads\/2021\/08\/contact1.png 460w, https:\/\/bensassiridha.com\/wp-content\/uploads\/2021\/08\/contact1-300x188.png 300w\" sizes=\"(max-width: 460px) 100vw, 460px\" \/>            <\/div>\n            <div class=\"title-area\">\n                <h4 class=\"title\">Nevine Acotanza<\/h4>\n                <span>Chef De L'Exploitation<\/span>\n            <\/div>\n            <div class=\"description\">\n                <p>\n                    Je suis disponible pour du travail \u00e0 la pige. Communiquer avec moi via et appel \u00e0 mon compte.                <\/p>\n                <span class=\"phone\">T\u00e9l\u00e9phone: <a\n                            href=\"tel:+01234567890\">+012 345 678 90<\/a><\/span>\n                <span class=\"mail\">E-mail: <a\n                            href=\"mailto:admin@example.com\">admin@example.com<\/a><\/span>\n            <\/div>\n\n            <div class=\"social-area\">\n                                    <div class=\"name\">TROUVER AVEC MOI<\/div>\n                \n                <div class=\"social-icone skill-share no_has_Shadow\">\n                    \n\n                        <a href=\"\"  title=\"facebook.\">\n                                                            <i class=\"rbt feather-twitter\"><\/i>                                                    <\/a>\n\n\n                    \n\n                        <a href=\"\"  title=\"twitter\">\n                                                            <i class=\"rbt feather-facebook\"><\/i>                                                    <\/a>\n\n\n                    \n\n                        <a href=\"\"  title=\"linkedin.\">\n                                                            <i class=\"rbt feather-linkedin\"><\/i>                                                    <\/a>\n\n\n                                    <\/div>\n            <\/div>\n        <\/div>\n\n        \t\t<\/div>\n\t\t\t\t<\/div>\n\t\t\t\t\t<\/div>\n\t\t<\/div>\n\t\t\t\t<div class=\"elementor-column elementor-col-66 elementor-inner-column elementor-element elementor-element-70a2dc7\" data-id=\"70a2dc7\" data-element_type=\"column\">\n\t\t\t<div class=\"elementor-widget-wrap elementor-element-populated\">\n\t\t\t\t\t\t<div class=\"elementor-element elementor-element-e5b0fee elementor-widget elementor-widget-shortcode\" data-id=\"e5b0fee\" data-element_type=\"widget\" data-widget_type=\"shortcode.default\">\n\t\t\t\t<div class=\"elementor-widget-container\">\n\t\t\t\t\t<div class=\"elementor-shortcode\">\n<div class=\"wpcf7 no-js\" id=\"wpcf7-f6-o1\" lang=\"en-US\" dir=\"ltr\">\n<div class=\"screen-reader-response\"><p role=\"status\" aria-live=\"polite\" aria-atomic=\"true\"><\/p> <ul><\/ul><\/div>\n<form action=\"\/fr\/wp-json\/wp\/v2\/pages\/3720#wpcf7-f6-o1\" method=\"post\" class=\"wpcf7-form init\" aria-label=\"Contact form\" novalidate=\"novalidate\" data-status=\"init\" data-trp-original-action=\"\/fr\/wp-json\/wp\/v2\/pages\/3720#wpcf7-f6-o1\">\n<div style=\"display: none;\">\n<input type=\"hidden\" name=\"_wpcf7\" value=\"6\" \/>\n<input type=\"hidden\" name=\"_wpcf7_version\" value=\"5.8.6\" \/>\n<input type=\"hidden\" name=\"_wpcf7_locale\" value=\"en_US\" \/>\n<input type=\"hidden\" name=\"_wpcf7_unit_tag\" value=\"wpcf7-f6-o1\" \/>\n<input type=\"hidden\" name=\"_wpcf7_container_post\" value=\"0\" \/>\n<input type=\"hidden\" name=\"_wpcf7_posted_data_hash\" value=\"\" \/>\n<\/div>\n<div class=\"contact-form-wrapper\">\n\t<div class=\"introduce\">\n\t\t<div class=\"rnt-contact-form rwt-dynamic-form row\">\n\t\t\t<div class=\"col-lg-12\">\n\t\t\t<div class=\"wpcf7-response-output\" aria-hidden=\"true\"><\/div>\n\t\t\t<\/div>\n\t\t\t<div class=\"col-lg-6\">\n\t\t\t\t<div class=\"form-group\">\n\t\t\t\t\t<p><label for=\"contact-name\">Votre Nom<\/label><span class=\"wpcf7-form-control-wrap\" data-name=\"your-name\"><input size=\"40\" class=\"wpcf7-form-control wpcf7-text form-control form-control-lg\" id=\"contact-name\" aria-invalid=\"false\" value=\"\" type=\"text\" name=\"your-name\" \/><\/span>\n\t\t\t\t\t<\/p>\n\t\t\t\t<\/div>\n\t\t\t<\/div>\n\t\t\t<div class=\"col-lg-6\">\n\t\t\t\t<div class=\"form-group\">\n\t\t\t\t\t<p><label for=\"contact-phone\">Num\u00e9ro De T\u00e9l\u00e9phone<\/label><span class=\"wpcf7-form-control-wrap\" data-name=\"your-phone\"><input size=\"40\" class=\"wpcf7-form-control wpcf7-text form-control\" id=\"contact-phone\" aria-invalid=\"false\" value=\"\" type=\"text\" name=\"your-phone\" \/><\/span>\n\t\t\t\t\t<\/p>\n\t\t\t\t<\/div>\n\t\t\t<\/div>\n\t\t\t<div class=\"col-lg-12\">\n\t\t\t\t<div class=\"form-group\">\n\t\t\t\t\t<p><label for=\"contact-email\">E-mail<\/label><span class=\"wpcf7-form-control-wrap\" data-name=\"your-email\"><input size=\"40\" class=\"wpcf7-form-control wpcf7-email wpcf7-validates-as-required wpcf7-text wpcf7-validates-as-email form-control form-control-sm\" id=\"contact-email\" aria-required=\"true\" aria-invalid=\"false\" value=\"\" type=\"email\" name=\"your-email\" \/><\/span>\n\t\t\t\t\t<\/p>\n\t\t\t\t<\/div>\n\t\t\t<\/div>\n\t\t\t<div class=\"col-lg-12\">\n\t\t\t\t<div class=\"form-group\">\n\t\t\t\t\t<p><label for=\"contact-subject\">Sujet<\/label><span class=\"wpcf7-form-control-wrap\" data-name=\"your-subject\"><input size=\"40\" class=\"wpcf7-form-control wpcf7-text form-control form-control-sm\" id=\"contact-subject\" aria-invalid=\"false\" value=\"\" type=\"text\" name=\"your-subject\" \/><\/span>\n\t\t\t\t\t<\/p>\n\t\t\t\t<\/div>\n\t\t\t<\/div>\n\t\t\t<div class=\"col-lg-12\">\n\t\t\t\t<div class=\"form-group\">\n\t\t\t\t\t<p><label for=\"contact-message\">Votre Message<\/label><span class=\"wpcf7-form-control-wrap\" data-name=\"your-message\"><textarea cols=\"40\" rows=\"10\" class=\"wpcf7-form-control wpcf7-textarea\" id=\"contact-message\" aria-invalid=\"false\" name=\"your-message\"><\/textarea><\/span>\n\t\t\t\t\t<\/p>\n\t\t\t\t<\/div>\n\t\t\t<\/div>\n\t\t\t<div class=\"col-lg-12\">\n\t\t\t<div class=\"wpcf7-response-output\" aria-hidden=\"true\"><\/div>\n\t\t\t<\/div>\n\t\t\t<div class=\"col-lg-12\">\n\t\t\t\t<p><input class=\"wpcf7-form-control wpcf7-submit has-spinner rn-btn\" type=\"submit\" value=\"ENVOYER UN MESSAGE\" \/>\n\t\t\t\t<\/p>\n\t\t\t<\/div>\n\t\t<\/div>\n\t<\/div>\n<\/div><p style=\"display: none !important;\" class=\"akismet-fields-container\" data-prefix=\"_wpcf7_ak_\"><label>&#916;<textarea name=\"_wpcf7_ak_hp_textarea\" cols=\"45\" rows=\"8\" maxlength=\"100\"><\/textarea><\/label><input type=\"hidden\" id=\"ak_js_1\" name=\"_wpcf7_ak_js\" value=\"193\"\/><script>document.getElementById( \"ak_js_1\" ).setAttribute( \"value\", ( new Date() ).getTime() );<\/script><\/p>\n<input type=\"hidden\" name=\"trp-form-language\" value=\"fr\"\/><\/form>\n<\/div>\n<\/div>\n\t\t\t\t<\/div>\n\t\t\t\t<\/div>\n\t\t\t\t\t<\/div>\n\t\t<\/div>\n\t\t\t\t\t<\/div>\n\t\t<\/section>\n\t\t\t\t\t<\/div>\n\t\t<\/div>\n\t\t\t\t\t<\/div>\n\t\t<\/section>\n\t\t\t\t<\/div>","protected":false},"excerpt":{"rendered":"<p>Nevine Acotanza Chief Operating Officer I am available for freelance work. Connect with me via and call in to my account. Phone: +012 345 678 90 Email: admin@example.com FIND WITH ME<\/p>","protected":false},"author":1,"featured_media":0,"parent":0,"menu_order":0,"comment_status":"closed","ping_status":"closed","template":"elementor_header_footer","meta":{"footnotes":""},"acf":[],"_links":{"self":[{"href":"https:\/\/bensassiridha.com\/fr\/wp-json\/wp\/v2\/pages\/3720"}],"collection":[{"href":"https:\/\/bensassiridha.com\/fr\/wp-json\/wp\/v2\/pages"}],"about":[{"href":"https:\/\/bensassiridha.com\/fr\/wp-json\/wp\/v2\/types\/page"}],"author":[{"embeddable":true,"href":"https:\/\/bensassiridha.com\/fr\/wp-json\/wp\/v2\/users\/1"}],"replies":[{"embeddable":true,"href":"https:\/\/bensassiridha.com\/fr\/wp-json\/wp\/v2\/comments?post=3720"}],"version-history":[{"count":0,"href":"https:\/\/bensassiridha.com\/fr\/wp-json\/wp\/v2\/pages\/3720\/revisions"}],"wp:attachment":[{"href":"https:\/\/bensassiridha.com\/fr\/wp-json\/wp\/v2\/media?parent=3720"}],"curies":[{"name":"wp","href":"https:\/\/api.w.org\/{rel}","templated":true}]}}